{"id":8969,"date":"2017-11-23T14:43:40","date_gmt":"2017-11-23T14:43:40","guid":{"rendered":"http:\/\/gator4082.temp.domains\/~aquatiss\/?post_type=product&#038;p=8969"},"modified":"2018-12-24T13:55:25","modified_gmt":"2018-12-24T13:55:25","slug":"paquet-de-06-bandes-antiderapantes-transparentes","status":"publish","type":"product","link":"https:\/\/aquatiss.com.tn\/fr\/produit\/paquet-de-06-bandes-antiderapantes-transparentes\/","title":{"rendered":"Paquet de 06 bandes antid\u00e9rapantes transparentes"},"content":{"rendered":"<p>Paquet de 06 bandes antid\u00e9rapantes transparentes<br \/>\nFaites de l\u2019une des pi\u00e8ces les plus utilis\u00e9es, la pi\u00e8ce la plus s\u00e9curitaire de votre maison.<\/p>\n<h4>Bandes antid\u00e9rapantes granul\u00e9s transparente&#8230;.<\/h4>\n<p>La s\u00e9curit\u00e9 peut aussi \u00eatre \u00e9l\u00e9gante, tout particuli\u00e8rement gr\u00e2ce aux bandes antid\u00e9rapantes granul\u00e9s transparente<br \/>\nLes bandes antid\u00e9rapantes granul\u00e9s sont id\u00e9als pour pr\u00e9venir les d\u00e9rapages et les chutes<br \/>\nDos adh\u00e9sif<br \/>\nS&rsquo;adapte \u00e0 la plupart des baignoires et douches sans toutefois retenir la salet\u00e9<br \/>\nId\u00e9al pour tout endroit o\u00f9 une adh\u00e9rence additionnelle est requise<br \/>\n<strong>6 \u00a0bandelettes par emballage<\/strong><\/p>\n","protected":false},"excerpt":{"rendered":"<p>Paquet de 06 bandes antid\u00e9rapantes transparentes<br \/>\nFaites de l\u2019une des pi\u00e8ces les plus utilis\u00e9es, la pi\u00e8ce la plus s\u00e9curitaire de votre maison.<\/p>\n","protected":false},"featured_media":8970,"comment_status":"open","ping_status":"closed","template":"","meta":[],"product_cat":[72],"product_tag":[1222,186],"class_list":["post-8969","product","type-product","status-publish","has-post-thumbnail","hentry","product_cat-bande-anti-derapant","product_tag-bande-antiderapentes","product_tag-salle-de-bain","pa_color-transparent","pa_domaine-hotel"],"_links":{"self":[{"href":"https:\/\/aquatiss.com.tn\/fr\/wp-json\/wp\/v2\/product\/8969","targetHints":{"allow":["GET"]}}],"collection":[{"href":"https:\/\/aquatiss.com.tn\/fr\/wp-json\/wp\/v2\/product"}],"about":[{"href":"https:\/\/aquatiss.com.tn\/fr\/wp-json\/wp\/v2\/types\/product"}],"replies":[{"embeddable":true,"href":"https:\/\/aquatiss.com.tn\/fr\/wp-json\/wp\/v2\/comments?post=8969"}],"wp:featuredmedia":[{"embeddable":true,"href":"https:\/\/aquatiss.com.tn\/fr\/wp-json\/wp\/v2\/media\/8970"}],"wp:attachment":[{"href":"https:\/\/aquatiss.com.tn\/fr\/wp-json\/wp\/v2\/media?parent=8969"}],"wp:term":[{"taxonomy":"product_cat","embeddable":true,"href":"https:\/\/aquatiss.com.tn\/fr\/wp-json\/wp\/v2\/product_cat?post=8969"},{"taxonomy":"product_tag","embeddable":true,"href":"https:\/\/aquatiss.com.tn\/fr\/wp-json\/wp\/v2\/product_tag?post=8969"}],"curies":[{"name":"wp","href":"https:\/\/api.w.org\/{rel}","templated":true}]}}