{"id":9055,"date":"2017-11-28T09:34:57","date_gmt":"2017-11-28T09:34:57","guid":{"rendered":"http:\/\/gator4082.temp.domains\/~aquatiss\/produit\/eplucheurs-professionnelle-2\/"},"modified":"2023-06-05T10:37:34","modified_gmt":"2023-06-05T10:37:34","slug":"eplucheurs-professionnelle-2","status":"publish","type":"product","link":"https:\/\/aquatiss.com.tn\/fr\/produit\/eplucheurs-professionnelle-2\/","title":{"rendered":"\u00c9plucheurs Professionnelle"},"content":{"rendered":"<p>\u00c9plucheurs Professionnelle pour le lavage et \u00e9plucher des pommes de terre et des carottes<br \/>\nFaciles \u00e0 utiliser et \u00e0 nettoyer, performantes et robustes. Cycles de fonctionnement rapides et quantit\u00e9 de chutes minime. \u00c9conomie de main-d&rsquo;oeuvre et \u00e9pluchage parfait. Pour les centres de transformation alimentaire, les services de restauration, les collectivit\u00e9s, les restaurants et les supermarch\u00e9s.<\/p>\n<h3>Sp\u00e9cifications:<\/h3>\n<p>R\u00e9alis\u00e9es avec colonne en inox<br \/>\nPlateau et surface lat\u00e9rale abrasifs, faciles \u00e0 d\u00e9monter pour leur nettoyage<br \/>\nProtection fixe sur la bouche de sortie<br \/>\nTimer<br \/>\nCapacit\u00e9: 20kg<br \/>\nProduction: 480 kg\/h<br \/>\nCycle de nettoyage: 3 min<\/p>\n","protected":false},"excerpt":{"rendered":"<p>\u00c9plucheurs pour le lavage et \u00e9plucher des pommes de terre et des carottes<br \/>\nFaciles \u00e0 utiliser et \u00e0 nettoyer<br \/>\nPerformantes et robustes<br \/>\nCycles de fonctionnement rapides et quantit\u00e9 de chutes minime.<\/p>\n","protected":false},"featured_media":9054,"comment_status":"open","ping_status":"closed","template":"","meta":[],"product_cat":[1236,1238],"product_tag":[1239],"class_list":["post-9055","product","type-product","status-publish","has-post-thumbnail","hentry","product_cat-eplucheurs","product_cat-eplucheurs-pro","product_tag-eplucheurs","pa_domaine-collectivites","pa_domaine-food"],"_links":{"self":[{"href":"https:\/\/aquatiss.com.tn\/fr\/wp-json\/wp\/v2\/product\/9055","targetHints":{"allow":["GET"]}}],"collection":[{"href":"https:\/\/aquatiss.com.tn\/fr\/wp-json\/wp\/v2\/product"}],"about":[{"href":"https:\/\/aquatiss.com.tn\/fr\/wp-json\/wp\/v2\/types\/product"}],"replies":[{"embeddable":true,"href":"https:\/\/aquatiss.com.tn\/fr\/wp-json\/wp\/v2\/comments?post=9055"}],"wp:featuredmedia":[{"embeddable":true,"href":"https:\/\/aquatiss.com.tn\/fr\/wp-json\/wp\/v2\/media\/9054"}],"wp:attachment":[{"href":"https:\/\/aquatiss.com.tn\/fr\/wp-json\/wp\/v2\/media?parent=9055"}],"wp:term":[{"taxonomy":"product_cat","embeddable":true,"href":"https:\/\/aquatiss.com.tn\/fr\/wp-json\/wp\/v2\/product_cat?post=9055"},{"taxonomy":"product_tag","embeddable":true,"href":"https:\/\/aquatiss.com.tn\/fr\/wp-json\/wp\/v2\/product_tag?post=9055"}],"curies":[{"name":"wp","href":"https:\/\/api.w.org\/{rel}","templated":true}]}}