{"id":9057,"date":"2017-11-28T10:30:31","date_gmt":"2017-11-28T10:30:31","guid":{"rendered":"http:\/\/gator4082.temp.domains\/~aquatiss\/?post_type=product&#038;p=9057"},"modified":"2022-12-19T09:29:42","modified_gmt":"2022-12-19T09:29:42","slug":"machine-demballage-wrapper","status":"publish","type":"product","link":"https:\/\/aquatiss.com.tn\/fr\/produit\/machine-demballage-wrapper\/","title":{"rendered":"Machine d&#8217;emballage WRAPPER"},"content":{"rendered":"<p>La Machine d&#8217;emballage WRAPPER \u00e0 plateaux est une machine \u00e0 emballer \u00e0 la main en acier inoxydable pour l&rsquo;\u00e9tirage \u00e0 la main destin\u00e9e aux films \u00e9tirables de qualit\u00e9 alimentaire.<\/p>\n<h3>Facile \u00e0 utilis\u00e9<\/h3>\n<p>Cette machine comprend un rouleaux de support pour le film \u00e9tirable \u00e0 utiliser et un pont de support en acier inoxydable qui permet d&rsquo;enrouler le film sup\u00e9rieur sous le produit.<br \/>\nCette machine facile \u00e0 utiliser dispose d&rsquo;une plaque de cuisson avec r\u00e9glage de temp\u00e9rature r\u00e9glable ainsi que d&rsquo;une barre de coupe \u00e0 temp\u00e9rature contr\u00f4l\u00e9e en acier inoxydable \u00e0 la place du coupe-fil standard.<\/p>\n<p>Les films \u00e9tirables sont disponibles dans diverses largeurs pour convenir au produit \u00e0 emballer, y compris le poisson, les fruits, les l\u00e9gumes et les produits \u00e0 base de viande.<br \/>\nLargement utilis\u00e9e dans les supermarch\u00e9s, les boucheries, les \u00e9piceries et les conditionneurs.<\/p>\n","protected":false},"excerpt":{"rendered":"<p>Machine \u00e0 emballer \u00e0 la main en acier inoxydable.<br \/>\nAvec plaque de cuisson avec r\u00e9glage de temp\u00e9rature r\u00e9glable<br \/>\nFacile \u00e0 utilis\u00e9<\/p>\n","protected":false},"featured_media":9059,"comment_status":"open","ping_status":"closed","template":"","meta":[],"product_cat":[1245],"product_tag":[1246],"class_list":["post-9057","product","type-product","status-publish","has-post-thumbnail","hentry","product_cat-machine-emballage","product_tag-machine-emballage","pa_domaine-collectivites","pa_domaine-food"],"_links":{"self":[{"href":"https:\/\/aquatiss.com.tn\/fr\/wp-json\/wp\/v2\/product\/9057","targetHints":{"allow":["GET"]}}],"collection":[{"href":"https:\/\/aquatiss.com.tn\/fr\/wp-json\/wp\/v2\/product"}],"about":[{"href":"https:\/\/aquatiss.com.tn\/fr\/wp-json\/wp\/v2\/types\/product"}],"replies":[{"embeddable":true,"href":"https:\/\/aquatiss.com.tn\/fr\/wp-json\/wp\/v2\/comments?post=9057"}],"wp:featuredmedia":[{"embeddable":true,"href":"https:\/\/aquatiss.com.tn\/fr\/wp-json\/wp\/v2\/media\/9059"}],"wp:attachment":[{"href":"https:\/\/aquatiss.com.tn\/fr\/wp-json\/wp\/v2\/media?parent=9057"}],"wp:term":[{"taxonomy":"product_cat","embeddable":true,"href":"https:\/\/aquatiss.com.tn\/fr\/wp-json\/wp\/v2\/product_cat?post=9057"},{"taxonomy":"product_tag","embeddable":true,"href":"https:\/\/aquatiss.com.tn\/fr\/wp-json\/wp\/v2\/product_tag?post=9057"}],"curies":[{"name":"wp","href":"https:\/\/api.w.org\/{rel}","templated":true}]}}